{"id":910,"date":"2017-08-22T14:47:01","date_gmt":"2017-08-22T12:47:01","guid":{"rendered":"http:\/\/posta-logistics.com\/es\/?page_id=910"},"modified":"2020-04-23T17:46:37","modified_gmt":"2020-04-23T15:46:37","slug":"transporte-terrestre-a-suecia","status":"publish","type":"page","link":"https:\/\/posta-logistics.com\/es\/transporte-terrestre-a-suecia","title":{"rendered":"Transporte terrestre a Suecia"},"content":{"rendered":"<div class=\"entry\">\n<p>En Posta Logistics, S.L. somos especialistas en <strong>transporte terrestre a Suecia<\/strong>.<\/p>\n<p>Suecia, oficialmente Reino de Suecia, es un pa\u00eds escandinavo de Europa del Norte que forma parte de la <a href=\"http:\/\/posta-logistics.com\/es\/transporte-internacional\">Uni\u00f3n Europea<\/a> (UE). Limita al norte con <a href=\"http:\/\/posta-logistics.com\/es\/transporte-terrestre-a-noruega\">Noruega<\/a> y <a href=\"http:\/\/posta-logistics.com\/es\/transporte-terrestre-a-finlandia\">Finlandia<\/a>, al este con Finlandia y el golfo de Botnia, al sur con el mar B\u00e1ltico y al oeste con el mar del Norte y Noruega. Tiene fronteras terrestres con Noruega y Finlandia, y est\u00e1 conectado a <a href=\"http:\/\/posta-logistics.com\/es\/transporte-terrestre-a-dinamarca\">Dinamarca<\/a> por el puente de \u00d6resund. Su ciudad m\u00e1s poblada es Estocolmo, que es tambi\u00e9n su capital. Conocemos perfectamente requis\u00edtos especificos y particularidades tanto de transporte terrestre a Suecia como transporte desde Suecia.<\/p>\n<p>En <strong>transporte internacional terrestre a Suecia<\/strong> ofrecemos:<br \/>\n&#8211; <a href=\"http:\/\/posta-logistics.com\/es\/transporte-terrestre-de-productos-farmaceuticos-a-suecia\">transporte de productos farmac\u00e9uticos a Suecia (BPD)<\/a>;<br \/>\n\u2013 transporte a Suecia de cargas completas (FTL) en camiones lonas o camiones frigorificos con temperatura controlada;<br \/>\n\u2013 transporte a Suecia de grupaje (LTL);<br \/>\n\u2013 transporte urgente a Suecia (express delivery);<br \/>\n\u2013 <a href=\"http:\/\/posta-logistics.com\/es\/transporte-urgente-entregas-express-desde-espana-a-suecia\">transporte urgente a Suecia (express delivery) con temperatura controlada<\/a>;<br \/>\n\u2013 transporte a Suecia de mercanc\u00eda peligrosa (ADR) tanto de cargas completas como grupajes;<br \/>\n\u2013 transportes especiales y excepcionales a Suecia;<br \/>\n\u2013 transporte de convoy de camiones con destino a Suecia (cuando la mercanc\u00eda cargada en varios camiones viaja con la misma documentaci\u00f3n \u2013 lineas de producci\u00f3n, traslado de fabricas, imprentas, etc);<br \/>\n\u2013 seguro de mercanc\u00edas destinadas para la exportaci\u00f3n a Suecia.<\/p>\n<p>En transporte internacional terrestre a Suecia ofrecemos tanto para cargas completas (FTL) como para grupajes (LTL) entregas en cualquier lugar de Suecia incluyendo ciudades principales: Estocolmo, Gotemburgo, Malm\u00f6, Upsala, V\u00e4ster\u00e5s, \u00d6rebro, Link\u00f6ping, Helsingborg, J\u00f6nk\u00f6ping, Norrk\u00f6ping, Lund, Ume\u00e5, G\u00e4vle, Bor\u00e5s, Eskilstuna, S\u00f6dert\u00e4lje, Karlstad, T\u00e4by, V\u00e4xj\u00f6, Halmstad, Sundsvall, Lule\u00e5, Trollh\u00e4ttan, \u00d6stersund, Borl\u00e4nge, Tumba, Upplands, Falun, Kalmar, Kristianstad, Karlskrona, Sk\u00f6vde, Skellefte\u00e5, Liding\u00f6, Uddevalla, Landskrona, Nyk\u00f6ping, Motala, Vallentuna, \u00d6rnsk\u00f6ldsvik, Trelleborg, \u00c5kersberga, Varberg, Karlskoga, Lidk\u00f6ping, Alings\u00e5s, M\u00e4rsta, Boo, \u00c4ngelholm, Sandviken, Pite\u00e5, Kung\u00e4lv, Visby, Katrineholm, V\u00e4nersborg, V\u00e4stervik, Enk\u00f6ping, Falkenberg.<\/p>\n<p>La ruta de <strong>transporte de cargas completas (FTL) desde Espa\u00f1a a Suecia<\/strong> es: Espa\u00f1a- Francia- Alemania- Dinamarca- Suecia.<br \/>\nLa ruta de <strong>transporte de grupajes (LTL) y carga paletizada desde Espa\u00f1a a Suecia<\/strong> es: Espa\u00f1a- Francia- Alemania- Dinamarca- Suecia.<\/p>\n<p>Nuestros servicios de transporte internacional terrestre desde Suecia (importaci\u00f3n) son:<br \/>\n\u2013 transporte desde Suecia de cargas completas (FTL) en camiones lonas o camiones frigorificos con temperatura controlada;<br \/>\n\u2013 para traer mercanc\u00eda desde Suecia ofrecemos transporte desde Suecia de grupaje (LTL);<br \/>\n\u2013 transporte urgente desde Suecia (express delivery);<br \/>\n\u2013 transporte urgente desde Suecia (express delivery) con temperatura controlada;<br \/>\n\u2013 transporte desde Suecia de mercanc\u00eda peligrosa (ADR) tanto de cargas completas como grupajes;<br \/>\n\u2013 transportes especiales y excepcionales desde Suecia;<br \/>\n\u2013 seguro de mercanc\u00edas importadas desde Suecia.<\/p>\n<p>En Posta Logistics, S.L. le ofrecemos salidas regulares con destino a Suecia.<\/p>\n<p>Para consultar d\u00edas de salida, tiempo de transito a Suecia y precio de un env\u00edo no duden en <a href=\"http:\/\/posta-logistics.com\/es\/contacto\">contactar con nosotros<\/a>.<\/p>\n<\/div>\n","protected":false},"excerpt":{"rendered":"<p>En Posta Logistics, S.L. somos especialistas en transporte terrestre a Suecia. Suecia, oficialmente Reino de Suecia, es un pa\u00eds escandinavo de Europa del Norte que forma parte de la Uni\u00f3n Europea (UE). Limita al norte con Noruega y Finlandia, al este con Finlandia y el golfo de Botnia, al sur con el mar B\u00e1ltico y &#8230;<\/p>\n","protected":false},"author":3,"featured_media":0,"parent":0,"menu_order":0,"comment_status":"closed","ping_status":"closed","template":"page-country.php","meta":{"_monsterinsights_skip_tracking":false,"_monsterinsights_sitenote_active":false,"_monsterinsights_sitenote_note":"","_monsterinsights_sitenote_category":0,"footnotes":""},"class_list":["post-910","page","type-page","status-publish"],"aioseo_notices":[],"_links":{"self":[{"href":"https:\/\/posta-logistics.com\/es\/wp-json\/wp\/v2\/pages\/910","targetHints":{"allow":["GET"]}}],"collection":[{"href":"https:\/\/posta-logistics.com\/es\/wp-json\/wp\/v2\/pages"}],"about":[{"href":"https:\/\/posta-logistics.com\/es\/wp-json\/wp\/v2\/types\/page"}],"author":[{"embeddable":true,"href":"https:\/\/posta-logistics.com\/es\/wp-json\/wp\/v2\/users\/3"}],"replies":[{"embeddable":true,"href":"https:\/\/posta-logistics.com\/es\/wp-json\/wp\/v2\/comments?post=910"}],"version-history":[{"count":6,"href":"https:\/\/posta-logistics.com\/es\/wp-json\/wp\/v2\/pages\/910\/revisions"}],"predecessor-version":[{"id":1635,"href":"https:\/\/posta-logistics.com\/es\/wp-json\/wp\/v2\/pages\/910\/revisions\/1635"}],"wp:attachment":[{"href":"https:\/\/posta-logistics.com\/es\/wp-json\/wp\/v2\/media?parent=910"}],"curies":[{"name":"wp","href":"https:\/\/api.w.org\/{rel}","templated":true}]}}