{"id":918,"date":"2017-08-22T14:50:29","date_gmt":"2017-08-22T12:50:29","guid":{"rendered":"http:\/\/posta-logistics.com\/es\/?page_id=918"},"modified":"2020-04-23T14:19:01","modified_gmt":"2020-04-23T12:19:01","slug":"transporte-terrestre-a-dinamarca","status":"publish","type":"page","link":"https:\/\/posta-logistics.com\/es\/transporte-terrestre-a-dinamarca","title":{"rendered":"Transporte terrestre a Dinamarca"},"content":{"rendered":"<div class=\"entry\">\n<p>En Posta Logistics, S.L. somos especialistas en el <strong>transporte terrestre a Dinamarca<\/strong>.<\/p>\n<p>Dinamarca es un pa\u00eds soberano miembro de la Uni\u00f3n Europea situado en el norte de Europa. Es el m\u00e1s meridional de los pa\u00edses n\u00f3rdicos y tambi\u00e9n el de menor extensi\u00f3n. Oficialmente, el Reino de Dinamarca \u2014en dan\u00e9s: Kongeriget Danmark o Danmarks Rige\u2014 es una comunidad integrada por tres partes aut\u00f3nomas, la propia Dinamarca y sus dos territorios de ultramar o territorios dependientes, Groenlandia y las islas Feroe. Su capital y ciudad m\u00e1s poblada es Copenhague, que se encuentra en la isla de Selandia. Dinamarca es el pa\u00eds menos corrupto del mundo (2010) y, seg\u00fan estudios, el pa\u00eds donde los habitantes son m\u00e1s felices y uno de los mejores del mundo para vivir.<br \/>\nDinamarca forma parte de Escandinavia y solo tiene frontera terrestre con <a href=\"http:\/\/posta-logistics.com\/es\/transporte-terrestre-a-alemania\">Alemania<\/a>, aunque desde 1999 est\u00e1 unida con Suecia por carretera y ferrocarril, a trav\u00e9s del puente de \u00d8resund.<\/p>\n<p>En transporte internacional terrestre a Dinamarca ofrecemos:<br \/>\n&#8211; <a href=\"http:\/\/posta-logistics.com\/es\/transporte-terrestre-de-productos-farmaceuticos-a-dinamarca\">transporte de productos farmac\u00e9uticos a Dinamarca (BPD)<\/a>;<br \/>\n\u2013 <strong>transporte a Dinamarca de cargas completas<\/strong> (<strong>FTL<\/strong>) en camiones lonas o camiones frigorificos con temperatura controlada;<br \/>\n\u2013 transporte a Dinamarca de grupaje (LTL);<br \/>\n\u2013 transporte urgente a Dinamarca (express delivery);<br \/>\n\u2013 <a href=\"http:\/\/posta-logistics.com\/es\/transporte-urgente-entregas-express-desde-espana-a-dinamarca\">transporte urgente a Dinamarca (express delivery) con temperatura controlada<\/a>;<br \/>\n\u2013 transporte a Dinamarca de mercanc\u00eda peligrosa (ADR) tanto de cargas completas como grupajes;<br \/>\n\u2013 <a href=\"http:\/\/posta-logistics.com\/es\/transporte-internacional\">transportes especiales y excepcionales a Dinamarca<\/a>;<br \/>\n\u2013 transporte de convoy de camiones con destino a Dinamarca (cuando la mercanc\u00eda cargada en varios camiones viaja con la misma documentaci\u00f3n \u2013 lineas de producci\u00f3n, traslado de fabricas, imprentas, etc);<br \/>\n\u2013 seguro de mercanc\u00edas destinadas para la exportaci\u00f3n a Dinamarca.<\/p>\n<p>En transporte internacional terrestre a Dinamarca ofrecemos tanto para cargas completas (FTL) como para grupajes (LTL) entregas en cualquier lugar de Dinamarca incluyendo ciudades principales: Copenhague (K\u00f8benhavn), Aarhus (\u00c5rhus), Odense, Aalborg (\u00c5lborg), Frederiksberg, Esbjerg, Randers, Kolding, Horsens, Vejle, Roskilde, Elsinor (Helsing\u00f8r), Herning, H\u00f8rsholm, Silkeborg, N\u00e6stved, Fredericia, Viborg, K\u00f8ge, Holstebro, Taastrup, Slagelse, Hiller\u00f8d, S\u00f8nderborg, Holb\u00e6k, Svendborg, Hj\u00f8rring, Frederikshavn, Haderslev, N\u00f8rresundby, Ringsted, \u00d8lstykke-Stenl\u00f8se, Skive, Birker\u00f8d.<\/p>\n<p>La ruta de transporte de cargas completas (FTL) desde Espa\u00f1a a Dinamarca es: Espa\u00f1a- Francia- Alemania- Dinamarca.<br \/>\nLa ruta de <strong>transporte de grupajes (LTL) y carga paletizada desde Espa\u00f1a a Dinamarca<\/strong> es: Espa\u00f1a- Francia- Alemania- Dinamarca.<\/p>\n<p>Nuestros servicios de transporte internacional terrestre desde Dinamarca (importaci\u00f3n) son:<br \/>\n\u2013 <strong>transporte desde Dinamarca de cargas completas<\/strong> (<strong>FTL<\/strong>) en camiones lonas o camiones frigorificos con temperatura controlada;<br \/>\n\u2013 para traer mercanc\u00eda desde Dinamarca ofrecemos transporte desde Italia de grupaje (LTL);<br \/>\n\u2013 transporte urgente desde Dinamarca (express delivery);<br \/>\n\u2013 transporte urgente desde Dinamarca (express delivery) con temperatura controlada;<br \/>\n\u2013 transporte desde Dinamarca de mercanc\u00eda peligrosa (ADR) tanto de cargas completas como grupajes;<br \/>\n\u2013 transportes especiales y excepcionales desde Dinamarca;<br \/>\n\u2013 seguro de mercanc\u00edas importadas desde Dinamarca.<\/p>\n<p>En Posta Logistics, S.L. le ofrecemos <a href=\"http:\/\/posta-logistics.com\/es\">salidas regulares con destino a Dinamarca<\/a>.<\/p>\n<p>Para consultar d\u00edas de salida, tiempo de transito a Dinamarca y precio de un env\u00edo no duden en contactar con nosotros.<\/p>\n<\/div>\n","protected":false},"excerpt":{"rendered":"<p>En Posta Logistics, S.L. somos especialistas en el transporte terrestre a Dinamarca. Dinamarca es un pa\u00eds soberano miembro de la Uni\u00f3n Europea situado en el norte de Europa. Es el m\u00e1s meridional de los pa\u00edses n\u00f3rdicos y tambi\u00e9n el de menor extensi\u00f3n. Oficialmente, el Reino de Dinamarca \u2014en dan\u00e9s: Kongeriget Danmark o Danmarks Rige\u2014 es &#8230;<\/p>\n","protected":false},"author":3,"featured_media":0,"parent":0,"menu_order":0,"comment_status":"closed","ping_status":"closed","template":"page-country.php","meta":{"_monsterinsights_skip_tracking":false,"_monsterinsights_sitenote_active":false,"_monsterinsights_sitenote_note":"","_monsterinsights_sitenote_category":0,"footnotes":""},"class_list":["post-918","page","type-page","status-publish"],"aioseo_notices":[],"_links":{"self":[{"href":"https:\/\/posta-logistics.com\/es\/wp-json\/wp\/v2\/pages\/918","targetHints":{"allow":["GET"]}}],"collection":[{"href":"https:\/\/posta-logistics.com\/es\/wp-json\/wp\/v2\/pages"}],"about":[{"href":"https:\/\/posta-logistics.com\/es\/wp-json\/wp\/v2\/types\/page"}],"author":[{"embeddable":true,"href":"https:\/\/posta-logistics.com\/es\/wp-json\/wp\/v2\/users\/3"}],"replies":[{"embeddable":true,"href":"https:\/\/posta-logistics.com\/es\/wp-json\/wp\/v2\/comments?post=918"}],"version-history":[{"count":6,"href":"https:\/\/posta-logistics.com\/es\/wp-json\/wp\/v2\/pages\/918\/revisions"}],"predecessor-version":[{"id":1607,"href":"https:\/\/posta-logistics.com\/es\/wp-json\/wp\/v2\/pages\/918\/revisions\/1607"}],"wp:attachment":[{"href":"https:\/\/posta-logistics.com\/es\/wp-json\/wp\/v2\/media?parent=918"}],"curies":[{"name":"wp","href":"https:\/\/api.w.org\/{rel}","templated":true}]}}