{"id":92,"date":"2017-04-04T16:35:06","date_gmt":"2017-04-04T14:35:06","guid":{"rendered":"http:\/\/posta-logistics.com\/wordpress\/?page_id=92"},"modified":"2017-08-31T10:28:27","modified_gmt":"2017-08-31T08:28:27","slug":"transporte-mercancias-peligrosas","status":"publish","type":"page","link":"https:\/\/posta-logistics.com\/es\/transporte-mercancias-peligrosas","title":{"rendered":"Transporte de mercanc\u00edas peligrosas (ADR)"},"content":{"rendered":"<div class=\"entry\">\n<p><img loading=\"lazy\" decoding=\"async\" class=\"alignleft\" src=\"http:\/\/posta-logistics.com\/images\/icons\/danger.png\" alt=\"null\" width=\"135\" height=\"130\" \/>Transporte de mercanc\u00edas peligrosas (ADR).<\/p>\n<p>Posta Logistics, S.L. ofrece servicios de transporte de mercanc\u00edas peligrosas ADR desde Espa\u00f1a y Portugal a Rusia, Bielorrusia, Ucrania, Kazajist\u00e1n, Kirguist\u00e1n, Uzbekist\u00e1n, Turkmenist\u00e1n, Georgia, Armenia, Azerbaiy\u00e1n, Moldavia, Lituania, Letonia, Estonia, Finlandia, Suecia, Noruega, Grecia, Turqu\u00eda, Ir\u00e1n, etc.<\/p>\n<p>Efectuamos el transporte de mercanc\u00edas peligrosas ADR en camiones cisternas, camiones lonas, camiones megas de 3m de alto, trenes de carretera (camiones de gran volumen 118 m3), <a href=\"http:\/\/posta-logistics.com\/es\/transporte-con-control-de-temperatura\">camiones frigor\u00edficos<\/a>, camiones minitir con el servicio de la entrega express.<\/p>\n<p>Con nuestras lineas de grupajes LTL ofrecemos servicios de grupajes de mercanc\u00eda peligrosa ADR a Rusia, Bielorrusia, Ucrania, Kazajist\u00e1n, Kirguist\u00e1n, Uzbekist\u00e1n, Turkmenist\u00e1n, Georgia, Armenia, Azerbaiy\u00e1n, Moldavia, Lituania, Letonia, Estonia, Finlandia, Suecia, Noruega, Grecia, Turqu\u00eda, Ir\u00e1n, etc.<br \/>\nConsultar precios, d\u00edas de salida y tiempo de transito para el transporte de mercanc\u00eda peligrosa ADR se puede de nuestra p\u00e1gina <a href=\"http:\/\/posta-logistics.com\/es\/contacto\">CONTACTO<\/a>.<\/p>\n<\/div>\n","protected":false},"excerpt":{"rendered":"<p>Transporte de mercanc\u00edas peligrosas (ADR). Posta Logistics, S.L. ofrece servicios de transporte de mercanc\u00edas peligrosas ADR desde Espa\u00f1a y Portugal a Rusia, Bielorrusia, Ucrania, Kazajist\u00e1n, Kirguist\u00e1n, Uzbekist\u00e1n, Turkmenist\u00e1n, Georgia, Armenia, Azerbaiy\u00e1n, Moldavia, Lituania, Letonia, Estonia, Finlandia, Suecia, Noruega, Grecia, Turqu\u00eda, Ir\u00e1n, etc. Efectuamos el transporte de mercanc\u00edas peligrosas ADR en camiones cisternas, camiones lonas, camiones &#8230;<\/p>\n","protected":false},"author":1,"featured_media":0,"parent":304,"menu_order":6,"comment_status":"closed","ping_status":"closed","template":"","meta":{"_monsterinsights_skip_tracking":false,"_monsterinsights_sitenote_active":false,"_monsterinsights_sitenote_note":"","_monsterinsights_sitenote_category":0,"footnotes":""},"class_list":["post-92","page","type-page","status-publish"],"aioseo_notices":[],"_links":{"self":[{"href":"https:\/\/posta-logistics.com\/es\/wp-json\/wp\/v2\/pages\/92","targetHints":{"allow":["GET"]}}],"collection":[{"href":"https:\/\/posta-logistics.com\/es\/wp-json\/wp\/v2\/pages"}],"about":[{"href":"https:\/\/posta-logistics.com\/es\/wp-json\/wp\/v2\/types\/page"}],"author":[{"embeddable":true,"href":"https:\/\/posta-logistics.com\/es\/wp-json\/wp\/v2\/users\/1"}],"replies":[{"embeddable":true,"href":"https:\/\/posta-logistics.com\/es\/wp-json\/wp\/v2\/comments?post=92"}],"version-history":[{"count":6,"href":"https:\/\/posta-logistics.com\/es\/wp-json\/wp\/v2\/pages\/92\/revisions"}],"predecessor-version":[{"id":806,"href":"https:\/\/posta-logistics.com\/es\/wp-json\/wp\/v2\/pages\/92\/revisions\/806"}],"up":[{"embeddable":true,"href":"https:\/\/posta-logistics.com\/es\/wp-json\/wp\/v2\/pages\/304"}],"wp:attachment":[{"href":"https:\/\/posta-logistics.com\/es\/wp-json\/wp\/v2\/media?parent=92"}],"curies":[{"name":"wp","href":"https:\/\/api.w.org\/{rel}","templated":true}]}}