{"id":920,"date":"2017-08-22T14:51:23","date_gmt":"2017-08-22T12:51:23","guid":{"rendered":"http:\/\/posta-logistics.com\/es\/?page_id=920"},"modified":"2020-04-23T14:22:33","modified_gmt":"2020-04-23T12:22:33","slug":"transporte-terrestre-a-irlanda","status":"publish","type":"page","link":"https:\/\/posta-logistics.com\/es\/transporte-terrestre-a-irlanda","title":{"rendered":"Transporte terrestre a Irlanda"},"content":{"rendered":"<div class=\"entry\">\n<p>En Posta Logistics, S.L. somos especialistas en <strong>transporte terrestre a Irlanda<\/strong>.<\/p>\n<p>Irlanda tambi\u00e9n conocida como la Rep\u00fablica de Irlanda para diferenciarla de Irlanda del Norte, es un pa\u00eds soberano, miembro de la Uni\u00f3n Europea, que ocupa la mayor parte de la isla hom\u00f3nima. Su capital es Dubl\u00edn, situada en el este de la isla. El pa\u00eds tiene una \u00fanica frontera terrestre, con Irlanda del Norte, una de las naciones constitutivas del Reino Unido. La isla est\u00e1 rodeada por el oc\u00e9ano Atl\u00e1ntico y tiene el mar C\u00e9ltico al sur, el canal de San Jorge al sureste y el mar de Irlanda al este. Es una rep\u00fablica parlamentaria con un presidente electo que ejerce de jefe de Estado. Conocemos perfectamente requis\u00edtos especificos y particularidades tanto de transporte terrestre a Irlanda como <a href=\"http:\/\/posta-logistics.com\/es\/transporte-internacional\">transporte desde Irlanda<\/a>.<\/p>\n<p>En transporte internacional terrestre a Irlanda ofrecemos:<br \/>\n&#8211; <a href=\"http:\/\/posta-logistics.com\/es\/transporte-terrestre-de-productos-farmaceuticos-a-irlanda\">transporte de productos farmac\u00e9uticos a Irlanda (BPD)<\/a>;<br \/>\n\u2013 transporte a Irlanda de cargas completas (FTL) en camiones lonas o camiones frigorificos con temperatura controlada;<br \/>\n\u2013 transporte a Irlanda de grupaje (LTL);<br \/>\n\u2013 <a href=\"http:\/\/posta-logistics.com\/es\/transporte-urgente-entregas-express-desde-espana-a-irlanda\">transporte urgente a Irlanda (express delivery)<\/a>;<br \/>\n\u2013 transporte urgente a Irlanda (express delivery) con temperatura controlada;<br \/>\n\u2013 transporte a Irlanda de mercanc\u00eda peligrosa (ADR) tanto de cargas completas como grupajes;<br \/>\n\u2013 transportes especiales y excepcionales a Irlanda;<br \/>\n\u2013 transporte de convoy de camiones con destino a Irlanda (cuando la mercanc\u00eda cargada en varios camiones viaja con la misma documentaci\u00f3n \u2013 lineas de producci\u00f3n, traslado de fabricas, imprentas, etc);<br \/>\n\u2013 seguro de mercanc\u00edas destinadas para la exportaci\u00f3n a Irlanda.<\/p>\n<p>En transporte internacional terrestre a Irlanda ofrecemos tanto para cargas completas (FTL) como para grupajes (LTL) entregas en cualquier lugar de Irlanda incluyendo ciudades principales: Dublin, Cork, Limerick, Galway, Waterford, Drogheda, Kilkenny, Wexford, Sligo, Clonmel, Dundalk, Bray, Navan (An Uaimh), Ennis, Tralee, Carlow, Naas, Athlone, Letterkenny, Tullamore, Killarney, Arklow, Cobh, Castlebar, Midleton, Mallow, Ballina, Enniscorthy, Wicklow, Cavan, Athy, Longford, Dungarvan, Nenagh, Trim, New Ross, Thurles, Youghal, Monaghan, Buncrana, Ballinasloe, Fermoy, Westport, Carrick-on-Suir, Kells (Ceannanus M\u00f3r), Birr, Tipperary, Carrickmacross, Kinsale, Listowel, Clonakilty, Cashel, Macroom, Castleblayney (Castleblaney), Kilrush, Skibbereen, Bundoran, Templemore, Clones, Newbridge (Droichead Nua), Port Laoise (Portlaoise), Mullingar, Balbriggan, Greystones, Leixlip, Tramore, Shannon, Gorey, Tuam, Edenderry, Bandon, Passage, Loughrea, Ardee, Mountmellick, Bantry, Muine Bheag (Muinebeag, Bagenalstown), Boyle, Ballyshannon, Cootehill, Ballybay, Belturbet; Lismore, Kilkee, Granard.<\/p>\n<p>La ruta de <strong>transporte de cargas completas (FTL) desde Espa\u00f1a a Irlanda<\/strong> es: Espa\u00f1a- Francia- Reino Unido- Irlanda.<br \/>\nLa ruta de <strong>transporte de grupajes (LTL) y carga paletizada desde Espa\u00f1a a Irlanda<\/strong> es: Espa\u00f1a- Francia- Reino Unido- Irlanda.<\/p>\n<p>Nuestros servicios de transporte internacional terrestre desde Irlanda (importaci\u00f3n) son:<br \/>\n\u2013 transporte desde Irlanda de cargas completas (FTL) en camiones lonas o camiones frigorificos con temperatura controlada;<br \/>\n\u2013 para traer mercanc\u00eda desde Irlanda ofrecemos transporte desde Irlanda de grupaje (LTL);<br \/>\n\u2013 transporte urgente desde Irlanda (express delivery);<br \/>\n\u2013 <strong>transporte urgente desde Irlanda<\/strong> (<strong>express delivery<\/strong>) <strong>con temperatura controlada<\/strong>;<br \/>\n\u2013 transporte desde Irlanda de mercanc\u00eda peligrosa (ADR) tanto de cargas completas como grupajes;<br \/>\n\u2013 transportes especiales y excepcionales desde Irlanda;<br \/>\n\u2013 seguro de mercanc\u00edas importadas desde Irlanda.<\/p>\n<p>En Posta Logistics, S.L. le ofrecemos <a href=\"http:\/\/posta-logistics.com\/es\">salidas regulares con destino a Irlanda<\/a>.<\/p>\n<p>Para consultar d\u00edas de salida, tiempo de transito a Irlanda y precio de un env\u00edo no duden en <a href=\"http:\/\/posta-logistics.com\/es\/contacto\">contactar con nosotros<\/a>.<\/p>\n<\/div>\n","protected":false},"excerpt":{"rendered":"<p>En Posta Logistics, S.L. somos especialistas en transporte terrestre a Irlanda. Irlanda tambi\u00e9n conocida como la Rep\u00fablica de Irlanda para diferenciarla de Irlanda del Norte, es un pa\u00eds soberano, miembro de la Uni\u00f3n Europea, que ocupa la mayor parte de la isla hom\u00f3nima. Su capital es Dubl\u00edn, situada en el este de la isla. El &#8230;<\/p>\n","protected":false},"author":3,"featured_media":0,"parent":0,"menu_order":0,"comment_status":"closed","ping_status":"closed","template":"page-country.php","meta":{"_monsterinsights_skip_tracking":false,"_monsterinsights_sitenote_active":false,"_monsterinsights_sitenote_note":"","_monsterinsights_sitenote_category":0,"footnotes":""},"class_list":["post-920","page","type-page","status-publish"],"aioseo_notices":[],"_links":{"self":[{"href":"https:\/\/posta-logistics.com\/es\/wp-json\/wp\/v2\/pages\/920","targetHints":{"allow":["GET"]}}],"collection":[{"href":"https:\/\/posta-logistics.com\/es\/wp-json\/wp\/v2\/pages"}],"about":[{"href":"https:\/\/posta-logistics.com\/es\/wp-json\/wp\/v2\/types\/page"}],"author":[{"embeddable":true,"href":"https:\/\/posta-logistics.com\/es\/wp-json\/wp\/v2\/users\/3"}],"replies":[{"embeddable":true,"href":"https:\/\/posta-logistics.com\/es\/wp-json\/wp\/v2\/comments?post=920"}],"version-history":[{"count":7,"href":"https:\/\/posta-logistics.com\/es\/wp-json\/wp\/v2\/pages\/920\/revisions"}],"predecessor-version":[{"id":1616,"href":"https:\/\/posta-logistics.com\/es\/wp-json\/wp\/v2\/pages\/920\/revisions\/1616"}],"wp:attachment":[{"href":"https:\/\/posta-logistics.com\/es\/wp-json\/wp\/v2\/media?parent=920"}],"curies":[{"name":"wp","href":"https:\/\/api.w.org\/{rel}","templated":true}]}}