{"id":922,"date":"2017-08-22T14:52:38","date_gmt":"2017-08-22T12:52:38","guid":{"rendered":"http:\/\/posta-logistics.com\/es\/?page_id=922"},"modified":"2020-04-23T17:50:57","modified_gmt":"2020-04-23T15:50:57","slug":"transporte-terrestre-a-reino-unido","status":"publish","type":"page","link":"https:\/\/posta-logistics.com\/es\/transporte-terrestre-a-reino-unido","title":{"rendered":"Transporte terrestre al Reino Unido"},"content":{"rendered":"<div class=\"entry\">\n<p>En Posta Logistics, S.L. somos especialistas en <strong>transporte terrestre a Reino Unido<\/strong>.<\/p>\n<p>El Reino Unido, denominado oficialmente Reino Unido de Gran Breta\u00f1a e Irlanda del Norte (United Kingdom of Great Britain and Northern Ireland), es un pa\u00eds soberano e insular, miembro de la <a href=\"http:\/\/posta-logistics.com\/es\/transporte-internacional\">Uni\u00f3n Europea<\/a>, ubicado al noroeste de la Europa Continental. Su territorio est\u00e1 formado geogr\u00e1ficamente por la isla de Gran Breta\u00f1a, el noreste de la isla de Irlanda y peque\u00f1as islas adyacentes. Irlanda del Norte es la \u00fanica parte del pa\u00eds con una frontera terrestre, la que la separa de <a href=\"http:\/\/posta-logistics.com\/es\/transporte-terrestre-a-irlanda\">la Rep\u00fablica de Irlanda<\/a>. Gran Breta\u00f1a delimita al norte y al oeste por el oc\u00e9ano Atl\u00e1ntico, al este por el mar del Norte, al sur por el canal de la Mancha y al oeste por el mar de Irlanda.<br \/>\nEl Reino Unido es un Estado unitario comprendido por cuatro naciones constitutivas: Escocia, Gales, Inglaterra e Irlanda del Norte. Conocemos perfectamente requis\u00edtos especificos y particularidades tanto de transporte terrestre al Reino Unido como <strong>transporte desde el Reino Unido<\/strong>.<\/p>\n<p>En <a href=\"http:\/\/posta-logistics.com\/es\">transporte internacional terrestre al Reino Unido<\/a> ofrecemos:<br \/>\n&#8211; <a href=\"http:\/\/posta-logistics.com\/es\/transporte-terrestre-de-productos-farmaceuticos-a-reino-unido\">transporte de productos farmac\u00e9uticos al Reino Unido (BPD)<\/a>;<br \/>\n\u2013 transporte al Reino Unido de cargas completas (FTL) en camiones lonas o camiones frigorificos con temperatura controlada;<br \/>\n\u2013 transporte al Reino Unido de grupaje (LTL);<br \/>\n\u2013 <a href=\"http:\/\/posta-logistics.com\/es\/transporte-urgente-entregas-express-desde-espana-a-reino-unido\">transporte urgente al Reino Unido (express delivery)<\/a>;<br \/>\n\u2013 transporte urgente al Reino Unido (express delivery) con temperatura controlada;<br \/>\n\u2013 transporte al Reino Unido de mercanc\u00eda peligrosa (ADR) tanto de cargas completas como grupajes;<br \/>\n\u2013 transportes especiales y excepcionales al Reino Unido;<br \/>\n\u2013 transporte de convoy de camiones con destino al Reino Unido (cuando la mercanc\u00eda cargada en varios camiones viaja con la misma documentaci\u00f3n \u2013 lineas de producci\u00f3n, traslado de fabricas, imprentas, etc);<br \/>\n\u2013 seguro de mercanc\u00edas destinadas para la exportaci\u00f3n al Reino Unido.<\/p>\n<p>En <strong>transporte internacional terrestre al Reino Unido<\/strong> ofrecemos tanto para cargas completas (FTL) como para grupajes (LTL) entregas en cualquier lugar del Reino Unido incluyendo ciudades principales: Londes (London), Aberden, Armagh, Bangor, Bath, Belfast, Birmingham, Bradford, Brighton &amp; Hove, Bristol, Cambridge, Canterbury, Cardiff, Carlisle, Chelmsford, Chester, Chichester, Coventry, Derby, Derry, Dundee, Durham, Edinburgh, Ely, Exeter, Glasgow, Gloucester, Hereford, Inverness, Kingston upon Hull, Lancaster, Leeds, Leicester, Lichfield, Lincoln, Lisburn, Liverpool, Manchester, Newcastle upon Tyne, Newport, Newry, Norwich, Nottingham, Oxford, Perth, Peterborough, Plymouth, Portsmouth, Preston, Ripon, St Albans, St Asaph, St David\u00b4s, Salford, Salisbury, Sheffeld, Southampton, Stirling, Stoke-on-Trent, Sunderland, Awansea, Truro, Wakefield, Wells, City of Westminster, Winchester, Wolverhampton, Worcester, York.<\/p>\n<p>La ruta de transporte de cargas completas (FTL) desde Espa\u00f1a al Reino Unido es: Espa\u00f1a- <a href=\"http:\/\/posta-logistics.com\/es\/transporte-terrestre-a-francia\">Francia<\/a>&#8211; el Reino Unido.<br \/>\nLa ruta de transporte de grupajes (LTL) y carga paletizada desde Espa\u00f1a al Reino Unido es: Espa\u00f1a- Francia- el Reino Unido.<\/p>\n<p>Nuestros servicios de transporte internacional terrestre desde el Reino Unido (importaci\u00f3n) son:<br \/>\n\u2013 transporte desde el Reino Unido de cargas completas (FTL) en camiones lonas o camiones frigorificos con temperatura controlada;<br \/>\n\u2013 <strong>para traer mercanc\u00eda desde el Reino Unido<\/strong> ofrecemos transporte desde el Reino Unido de grupaje (LTL);<br \/>\n\u2013 transporte urgente desde el Reino Unido (express delivery);<br \/>\n\u2013 transporte urgente desde el Reino Unido (express delivery) con temperatura controlada;<br \/>\n\u2013 transporte desde el Reino Unido de mercanc\u00eda peligrosa (ADR) tanto de cargas completas como grupajes;<br \/>\n\u2013 transportes especiales y excepcionales desde el Reino Unido;<br \/>\n\u2013 seguro de mercanc\u00edas importadas desde el Reino Unido.<\/p>\n<p>En Posta Logistics, S.L. le ofrecemos salidas regulares con destino al Reino Unido.<\/p>\n<p>Para consultar d\u00edas de salida, tiempo de transito al Reino Unido y precio de un env\u00edo no duden en <a href=\"http:\/\/posta-logistics.com\/es\/contacto\">contactar con Posta Logistics, S.L.<\/a><\/p>\n<\/div>\n","protected":false},"excerpt":{"rendered":"<p>En Posta Logistics, S.L. somos especialistas en transporte terrestre a Reino Unido. El Reino Unido, denominado oficialmente Reino Unido de Gran Breta\u00f1a e Irlanda del Norte (United Kingdom of Great Britain and Northern Ireland), es un pa\u00eds soberano e insular, miembro de la Uni\u00f3n Europea, ubicado al noroeste de la Europa Continental. Su territorio est\u00e1 &#8230;<\/p>\n","protected":false},"author":3,"featured_media":0,"parent":0,"menu_order":0,"comment_status":"closed","ping_status":"closed","template":"page-country.php","meta":{"_monsterinsights_skip_tracking":false,"_monsterinsights_sitenote_active":false,"_monsterinsights_sitenote_note":"","_monsterinsights_sitenote_category":0,"footnotes":""},"class_list":["post-922","page","type-page","status-publish"],"aioseo_notices":[],"_links":{"self":[{"href":"https:\/\/posta-logistics.com\/es\/wp-json\/wp\/v2\/pages\/922","targetHints":{"allow":["GET"]}}],"collection":[{"href":"https:\/\/posta-logistics.com\/es\/wp-json\/wp\/v2\/pages"}],"about":[{"href":"https:\/\/posta-logistics.com\/es\/wp-json\/wp\/v2\/types\/page"}],"author":[{"embeddable":true,"href":"https:\/\/posta-logistics.com\/es\/wp-json\/wp\/v2\/users\/3"}],"replies":[{"embeddable":true,"href":"https:\/\/posta-logistics.com\/es\/wp-json\/wp\/v2\/comments?post=922"}],"version-history":[{"count":7,"href":"https:\/\/posta-logistics.com\/es\/wp-json\/wp\/v2\/pages\/922\/revisions"}],"predecessor-version":[{"id":1642,"href":"https:\/\/posta-logistics.com\/es\/wp-json\/wp\/v2\/pages\/922\/revisions\/1642"}],"wp:attachment":[{"href":"https:\/\/posta-logistics.com\/es\/wp-json\/wp\/v2\/media?parent=922"}],"curies":[{"name":"wp","href":"https:\/\/api.w.org\/{rel}","templated":true}]}}