{"id":926,"date":"2017-08-22T14:53:28","date_gmt":"2017-08-22T12:53:28","guid":{"rendered":"http:\/\/posta-logistics.com\/es\/?page_id=926"},"modified":"2020-04-23T17:47:01","modified_gmt":"2020-04-23T15:47:01","slug":"transporte-terrestre-a-suiza","status":"publish","type":"page","link":"https:\/\/posta-logistics.com\/es\/transporte-terrestre-a-suiza","title":{"rendered":"Transporte terrestre a Suiza"},"content":{"rendered":"<div class=\"entry\">\n<p>En Posta Logistics, S.L. somos <strong>especialistas en el transporte terrestre a Suiza<\/strong>.<\/p>\n<p>Suiza, oficialmente Confederaci\u00f3n Suiza es un pa\u00eds sin salida al mar ubicado en la Europa central y que cuenta con una poblaci\u00f3n de 8 139 600 habitantes.<br \/>\nSuiza actualmente no forma parte de la Uni\u00f3n Europea, y por lo tanto tiene sus requis\u00edtos especificos y particularidades tanto en transporte terrestre a Suiza como transporte desde Suiza.<\/p>\n<p>En transporte internacional terrestre a Suiza ofrecemos:<br \/>\n&#8211; <a href=\"http:\/\/posta-logistics.com\/es\/transporte-terrestre-de-productos-farmaceuticos-a-suiza\">transporte de productos farmac\u00e9uticos a Suiza (BPD)<\/a>;<br \/>\n\u2013 transporte a Suiza de cargas completas (FTL) en camiones lonas o camiones frigorificos con temperatura controlada;<br \/>\n\u2013 transporte a Suiza de grupaje (LTL);<br \/>\n\u2013 <a href=\"http:\/\/posta-logistics.com\/es\/transporte-urgente-entregas-express-desde-espana-a-suiza\">transporte urgente a Suiza (express delivery)<\/a>;<br \/>\n\u2013 transporte urgente a Suiza (express delivery) con temperatura controlada;<br \/>\n\u2013 transporte a Suiza de mercanc\u00eda peligrosa (ADR) tanto de cargas completas como grupajes;<br \/>\n\u2013 transportes especiales y excepcionales a Suiza;<br \/>\n\u2013 <strong>transporte de convoy de camiones con destino a Suiza<\/strong> (cuando la mercanc\u00eda cargada en varios camiones viaja con la misma documentaci\u00f3n \u2013 lineas de producci\u00f3n, traslado de fabricas, imprentas, etc);<br \/>\n\u2013 despacho de aduana para la mercanc\u00eda destinada para la exportaci\u00f3n a Suiza;<br \/>\n\u2013 seguro de mercanc\u00edas destinadas para la exportaci\u00f3n a Suiza.<\/p>\n<p>En transporte internacional terrestre a Suiza tanto para cargas completas (FTL) como para grupajes (LTL) efectuamos entregas en cualquier lugar de Suiza incluyendo ciudades principales: Berna, Aarau, Altdorf, Basilea, Biel-Bienne, Coira, Del\u00e9mont, Frauenfeld, Friburgo im \u00dcechtland, Ginebra, Herisau, La Chaux-de-Fonds, Lausana, Liestal, Lucerna, Lugano, Neuch\u00e2tel, Rapperswil, San Galo, Sarnen, Schaffhausen, Schwyz, Sion, Solothurn, Vernier, Winterthur, Zug, Z\u00farich.<\/p>\n<p>La ruta de transporte de cargas completas (FTL) desde Espa\u00f1a a Suiza es: Espa\u00f1a- Francia- Suiza.<br \/>\nLa ruta de transporte de grupajes (LTL) y <strong>carga paletizada desde Espa\u00f1a a Suiza<\/strong> es: Espa\u00f1a- Francia- Suiza.<\/p>\n<p>Nuestros servicios de transporte internacional terrestre desde Suiza (importaci\u00f3n) son:<br \/>\n\u2013 transporte desde Suiza de cargas completas (FTL) en camiones lonas o camiones frigorificos con temperatura controlada;<br \/>\n\u2013 para traer mercanc\u00eda desde Suiza ofrecemos transporte desde Suiza de grupaje (LTL);<br \/>\n\u2013 <a href=\"http:\/\/posta-logistics.com\/es\">transporte urgente desde Suiza<\/a> (express delivery);<br \/>\n\u2013 transporte urgente desde Suiza (express delivery) con temperatura controlada;<br \/>\n\u2013 transporte desde Suiza de mercanc\u00eda peligrosa (ADR) tanto de cargas completas como grupajes;<br \/>\n\u2013 transportes especiales y excepcionales desde Suiza;<br \/>\n\u2013 seguro de mercanc\u00edas importadas desde Suiza.<\/p>\n<p>En Posta Logistics, S.L. le ofrecemos salidas regulares con destino a Suiza.<\/p>\n<p>Para consultar d\u00edas de salida, tiempo de transito a Suiza y precio de un env\u00edo no duden en <a href=\"http:\/\/posta-logistics.com\/es\/contacto\">contactar con nosotros<\/a>.<\/p>\n<\/div>\n","protected":false},"excerpt":{"rendered":"<p>En Posta Logistics, S.L. somos especialistas en el transporte terrestre a Suiza. Suiza, oficialmente Confederaci\u00f3n Suiza es un pa\u00eds sin salida al mar ubicado en la Europa central y que cuenta con una poblaci\u00f3n de 8 139 600 habitantes. Suiza actualmente no forma parte de la Uni\u00f3n Europea, y por lo tanto tiene sus requis\u00edtos &#8230;<\/p>\n","protected":false},"author":3,"featured_media":0,"parent":0,"menu_order":0,"comment_status":"closed","ping_status":"closed","template":"page-country.php","meta":{"_monsterinsights_skip_tracking":false,"_monsterinsights_sitenote_active":false,"_monsterinsights_sitenote_note":"","_monsterinsights_sitenote_category":0,"footnotes":""},"class_list":["post-926","page","type-page","status-publish"],"aioseo_notices":[],"_links":{"self":[{"href":"https:\/\/posta-logistics.com\/es\/wp-json\/wp\/v2\/pages\/926","targetHints":{"allow":["GET"]}}],"collection":[{"href":"https:\/\/posta-logistics.com\/es\/wp-json\/wp\/v2\/pages"}],"about":[{"href":"https:\/\/posta-logistics.com\/es\/wp-json\/wp\/v2\/types\/page"}],"author":[{"embeddable":true,"href":"https:\/\/posta-logistics.com\/es\/wp-json\/wp\/v2\/users\/3"}],"replies":[{"embeddable":true,"href":"https:\/\/posta-logistics.com\/es\/wp-json\/wp\/v2\/comments?post=926"}],"version-history":[{"count":6,"href":"https:\/\/posta-logistics.com\/es\/wp-json\/wp\/v2\/pages\/926\/revisions"}],"predecessor-version":[{"id":1636,"href":"https:\/\/posta-logistics.com\/es\/wp-json\/wp\/v2\/pages\/926\/revisions\/1636"}],"wp:attachment":[{"href":"https:\/\/posta-logistics.com\/es\/wp-json\/wp\/v2\/media?parent=926"}],"curies":[{"name":"wp","href":"https:\/\/api.w.org\/{rel}","templated":true}]}}