{"id":95,"date":"2017-04-04T16:36:32","date_gmt":"2017-04-04T14:36:32","guid":{"rendered":"http:\/\/posta-logistics.com\/wordpress\/?page_id=95"},"modified":"2018-06-19T12:23:33","modified_gmt":"2018-06-19T10:23:33","slug":"transporte-urgente","status":"publish","type":"page","link":"https:\/\/posta-logistics.com\/es\/transporte-urgente-express-delivery","title":{"rendered":"Transporte urgente (express delivery)"},"content":{"rendered":"<div class=\"entry\">\n<p><img loading=\"lazy\" decoding=\"async\" class=\"wp-image-868 alignleft\" src=\"http:\/\/posta-logistics.com\/wordpress\/wp-content\/uploads\/2017\/04\/\u0421\u043d\u0438\u043c\u043e\u043a-\u044d\u043a\u0440\u0430\u043d\u0430-2017-05-24-\u0432-1.39.20-300x210.png\" alt=\"\" width=\"230\" height=\"161\" \/>Transporte urgente (express delivery).<\/p>\n<p>Transportamos las mercanc\u00edas con requerimientos especiales como urgencia y seguridad.<\/p>\n<p>Uno de nuestros puntos fuertes es transporte urgente \/ express delivery\/.<\/p>\n<p>Sabemos perfectamente que a veces cliente tiene la necesidad de hacer entrega urgente de la mercanc\u00eda. En muchos casos cargando o descargando fuera de los horarios habituales.<\/p>\n<p>En nuestra trayectoria profesional nunca evit\u00e1bamos este tipo de trabajo. Al rev\u00e9s siempre tenemos ganas de hacerlo mejor que otros. Nos ponemos en piel del cliente para encontrar \u00a0soluci\u00f3n \u00f3ptima para su necesidad de transporte express. Somos un proveedor capaz de dar una respuesta r\u00e1pida y eficaz a cualquier necesidad de cliente en el tema de transporte urgente.<\/p>\n<p>Posta Logistics, S.L. ofrece servicios de transporte urgente tanto dentro de la Comunidad Europea como a pa\u00edses del Este, Asia central, pa\u00edses B\u00e1lticos, Balcanes, Turqu\u00eda, etc.<\/p>\n<p>Atendemos desde peque\u00f1os env\u00edos de unos kilos hasta transporte urgente de camiones internacionales (13,6m). Cubrimos la ruta entre Barcelona y Mosc\u00fa en 72 horas con un cami\u00f3n internacional (22 t.), para dar un ejemplo.<\/p>\n<p>Ofrecemos servicios de transporte terrestre urgente (express delivery) a tiempo, seguro, garantizado, puerta a puerta desde cualquier punto de Espa\u00f1a o Portugal a cualquier punto que necesite.<\/p>\n<p>Con tiempo de transito muy limitado transportamos mercanc\u00eda normal, mercanc\u00eda peligrosa <a href=\"http:\/\/posta-logistics.com\/es\/sitemap.xml\">ADR<\/a>, mercanc\u00eda de temperatura controlada.<\/p>\n<p>Contamos con camiones<br \/>\nPara las entregas urgentes y transportes express contamos con veh\u00edculos:<br \/>\n&#8211; con permisos de ADR hasta 1,2 t (8 europalets) camiones lona,<br \/>\n&#8211; con permisos de ADR hasta 1,2 t (8 europalets) camiones frigorificos,<br \/>\n&#8211; con permisos de ADR hasta 3,5 t camiones lona,<br \/>\n&#8211; con permisos de ADR hasta 3,5 t camiones frigorificos,<br \/>\n&#8211; con permisos de ADR hasta 6 t camiones lona,<br \/>\n&#8211; con permisos de ADR hasta 6 t camiones frigorificos,<br \/>\n&#8211; con permisos de ADR hasta 24 t lonas y con dos choferes,<br \/>\n&#8211; con permisos de ADR hasta 24 t frigor\u00edficos con dos choferes,<\/p>\n<p>Desde nuestra p\u00e1gina <a href=\"http:\/\/posta-logistics.com\/es\/contacto\/\">CONTACTOS<\/a> pueden consultar nuestros tiempos de tr\u00e1nsitos para sus env\u00edos urgentes nacionales e internacionales.<\/p>\n<\/div>\n","protected":false},"excerpt":{"rendered":"<p>Transporte urgente (express delivery). Transportamos las mercanc\u00edas con requerimientos especiales como urgencia y seguridad. Uno de nuestros puntos fuertes es transporte urgente \/ express delivery\/. Sabemos perfectamente que a veces cliente tiene la necesidad de hacer entrega urgente de la mercanc\u00eda. En muchos casos cargando o descargando fuera de los horarios habituales. En nuestra trayectoria &#8230;<\/p>\n","protected":false},"author":1,"featured_media":0,"parent":304,"menu_order":8,"comment_status":"closed","ping_status":"closed","template":"","meta":{"_monsterinsights_skip_tracking":false,"_monsterinsights_sitenote_active":false,"_monsterinsights_sitenote_note":"","_monsterinsights_sitenote_category":0,"footnotes":""},"class_list":["post-95","page","type-page","status-publish"],"aioseo_notices":[],"_links":{"self":[{"href":"https:\/\/posta-logistics.com\/es\/wp-json\/wp\/v2\/pages\/95","targetHints":{"allow":["GET"]}}],"collection":[{"href":"https:\/\/posta-logistics.com\/es\/wp-json\/wp\/v2\/pages"}],"about":[{"href":"https:\/\/posta-logistics.com\/es\/wp-json\/wp\/v2\/types\/page"}],"author":[{"embeddable":true,"href":"https:\/\/posta-logistics.com\/es\/wp-json\/wp\/v2\/users\/1"}],"replies":[{"embeddable":true,"href":"https:\/\/posta-logistics.com\/es\/wp-json\/wp\/v2\/comments?post=95"}],"version-history":[{"count":19,"href":"https:\/\/posta-logistics.com\/es\/wp-json\/wp\/v2\/pages\/95\/revisions"}],"predecessor-version":[{"id":1220,"href":"https:\/\/posta-logistics.com\/es\/wp-json\/wp\/v2\/pages\/95\/revisions\/1220"}],"up":[{"embeddable":true,"href":"https:\/\/posta-logistics.com\/es\/wp-json\/wp\/v2\/pages\/304"}],"wp:attachment":[{"href":"https:\/\/posta-logistics.com\/es\/wp-json\/wp\/v2\/media?parent=95"}],"curies":[{"name":"wp","href":"https:\/\/api.w.org\/{rel}","templated":true}]}}